{"id":446,"date":"2024-07-29T21:27:45","date_gmt":"2024-07-29T21:27:45","guid":{"rendered":"https:\/\/cursos.anayansiserra.com\/?page_id=446"},"modified":"2024-07-30T06:55:59","modified_gmt":"2024-07-30T06:55:59","slug":"e-books","status":"publish","type":"page","link":"https:\/\/cursos.anayansiserra.com\/index.php\/e-books\/","title":{"rendered":"e-books"},"content":{"rendered":"\t\t<div data-elementor-type=\"wp-page\" data-elementor-id=\"446\" class=\"elementor elementor-446\" data-elementor-post-type=\"page\">\n\t\t\t\t\t\t<section class=\"elementor-section elementor-top-section elementor-element elementor-element-506e18c elementor-section-boxed elementor-section-height-default elementor-section-height-default\" data-id=\"506e18c\" data-element_type=\"section\" data-settings=\"{&quot;background_background&quot;:&quot;classic&quot;}\">\n\t\t\t\t\t\t<div class=\"elementor-container elementor-column-gap-default\">\n\t\t\t\t\t<div class=\"elementor-column elementor-col-50 elementor-top-column elementor-element elementor-element-2895d4f\" data-id=\"2895d4f\" data-element_type=\"column\">\n\t\t\t<div class=\"elementor-widget-wrap elementor-element-populated\">\n\t\t\t\t\t\t<div class=\"elementor-element elementor-element-2f1cda6 elementor-widget elementor-widget-image\" data-id=\"2f1cda6\" data-element_type=\"widget\" data-widget_type=\"image.default\">\n\t\t\t\t<div class=\"elementor-widget-container\">\n\t\t\t\t\t\t\t\t\t\t\t\t\t\t\t<img fetchpriority=\"high\" decoding=\"async\" width=\"698\" height=\"697\" src=\"https:\/\/cursos.anayansiserra.com\/wp-content\/uploads\/2024\/07\/Libro-1.png\" class=\"attachment-2048x2048 size-2048x2048 wp-image-476\" alt=\"\" srcset=\"https:\/\/cursos.anayansiserra.com\/wp-content\/uploads\/2024\/07\/Libro-1.png 698w, https:\/\/cursos.anayansiserra.com\/wp-content\/uploads\/2024\/07\/Libro-1-300x300.png 300w, https:\/\/cursos.anayansiserra.com\/wp-content\/uploads\/2024\/07\/Libro-1-150x150.png 150w, https:\/\/cursos.anayansiserra.com\/wp-content\/uploads\/2024\/07\/Libro-1-100x100.png 100w, https:\/\/cursos.anayansiserra.com\/wp-content\/uploads\/2024\/07\/Libro-1-324x324.png 324w, https:\/\/cursos.anayansiserra.com\/wp-content\/uploads\/2024\/07\/Libro-1-416x415.png 416w\" sizes=\"(max-width: 698px) 100vw, 698px\" \/>\t\t\t\t\t\t\t\t\t\t\t\t\t\t\t<\/div>\n\t\t\t\t<\/div>\n\t\t\t\t\t<\/div>\n\t\t<\/div>\n\t\t\t\t<div class=\"elementor-column elementor-col-50 elementor-top-column elementor-element elementor-element-c2176b7\" data-id=\"c2176b7\" data-element_type=\"column\">\n\t\t\t<div class=\"elementor-widget-wrap elementor-element-populated\">\n\t\t\t\t\t\t<div class=\"elementor-element elementor-element-bd3f60b elementor-widget elementor-widget-heading\" data-id=\"bd3f60b\" data-element_type=\"widget\" data-widget_type=\"heading.default\">\n\t\t\t\t<div class=\"elementor-widget-container\">\n\t\t\t\t\t<h2 class=\"elementor-heading-title elementor-size-default\">MANUAL PARA SUPERAR LA RUPTURA<\/h2>\t\t\t\t<\/div>\n\t\t\t\t<\/div>\n\t\t\t\t<div class=\"elementor-element elementor-element-a4491da elementor-widget elementor-widget-heading\" data-id=\"a4491da\" data-element_type=\"widget\" data-widget_type=\"heading.default\">\n\t\t\t\t<div class=\"elementor-widget-container\">\n\t\t\t\t\t<h2 class=\"elementor-heading-title elementor-size-default\">Explora las 5 tareas emocionales que te ayudar\u00e1n no s\u00f3lo a superar la ruptura sino a trascenderla, extraer aprendizajes, sanar heridas y continuar al siguiente episodio con mayor libertad y felicidad.<\/h2>\t\t\t\t<\/div>\n\t\t\t\t<\/div>\n\t\t\t\t<div class=\"elementor-element elementor-element-8ba7c95 elementor-align-center elementor-widget elementor-widget-button\" data-id=\"8ba7c95\" data-element_type=\"widget\" data-widget_type=\"button.default\">\n\t\t\t\t<div class=\"elementor-widget-container\">\n\t\t\t\t\t\t\t\t\t<div class=\"elementor-button-wrapper\">\n\t\t\t\t\t<a class=\"elementor-button elementor-button-link elementor-size-sm elementor-animation-shrink\" href=\"https:\/\/cursos.anayansiserra.com\/index.php\/libro-1\/\">\n\t\t\t\t\t\t<span class=\"elementor-button-content-wrapper\">\n\t\t\t\t\t\t\t\t\t<span class=\"elementor-button-text\">DA CLICK PARA DESCARGARLO<\/span>\n\t\t\t\t\t<\/span>\n\t\t\t\t\t<\/a>\n\t\t\t\t<\/div>\n\t\t\t\t\t\t\t\t<\/div>\n\t\t\t\t<\/div>\n\t\t\t\t\t<\/div>\n\t\t<\/div>\n\t\t\t\t\t<\/div>\n\t\t<\/section>\n\t\t\t\t<section class=\"elementor-section elementor-top-section elementor-element elementor-element-f9dc125 elementor-section-boxed elementor-section-height-default elementor-section-height-default\" data-id=\"f9dc125\" data-element_type=\"section\" data-settings=\"{&quot;background_background&quot;:&quot;classic&quot;}\">\n\t\t\t\t\t\t<div class=\"elementor-container elementor-column-gap-default\">\n\t\t\t\t\t<div class=\"elementor-column elementor-col-50 elementor-top-column elementor-element elementor-element-d04ac26\" data-id=\"d04ac26\" data-element_type=\"column\">\n\t\t\t<div class=\"elementor-widget-wrap elementor-element-populated\">\n\t\t\t\t\t\t<div class=\"elementor-element elementor-element-a8e23d4 elementor-hidden-desktop elementor-hidden-tablet elementor-widget elementor-widget-image\" data-id=\"a8e23d4\" data-element_type=\"widget\" data-widget_type=\"image.default\">\n\t\t\t\t<div class=\"elementor-widget-container\">\n\t\t\t\t\t\t\t\t\t\t\t\t\t\t\t<img decoding=\"async\" width=\"698\" height=\"697\" src=\"https:\/\/cursos.anayansiserra.com\/wp-content\/uploads\/2024\/07\/Libro-2.png\" class=\"attachment-2048x2048 size-2048x2048 wp-image-479\" alt=\"\" srcset=\"https:\/\/cursos.anayansiserra.com\/wp-content\/uploads\/2024\/07\/Libro-2.png 698w, https:\/\/cursos.anayansiserra.com\/wp-content\/uploads\/2024\/07\/Libro-2-300x300.png 300w, https:\/\/cursos.anayansiserra.com\/wp-content\/uploads\/2024\/07\/Libro-2-150x150.png 150w, https:\/\/cursos.anayansiserra.com\/wp-content\/uploads\/2024\/07\/Libro-2-100x100.png 100w, https:\/\/cursos.anayansiserra.com\/wp-content\/uploads\/2024\/07\/Libro-2-324x324.png 324w, https:\/\/cursos.anayansiserra.com\/wp-content\/uploads\/2024\/07\/Libro-2-416x415.png 416w\" sizes=\"(max-width: 698px) 100vw, 698px\" \/>\t\t\t\t\t\t\t\t\t\t\t\t\t\t\t<\/div>\n\t\t\t\t<\/div>\n\t\t\t\t<div class=\"elementor-element elementor-element-ecaba9e elementor-widget elementor-widget-heading\" data-id=\"ecaba9e\" data-element_type=\"widget\" data-widget_type=\"heading.default\">\n\t\t\t\t<div class=\"elementor-widget-container\">\n\t\t\t\t\t<h2 class=\"elementor-heading-title elementor-size-default\">LA SOBERANA<\/h2>\t\t\t\t<\/div>\n\t\t\t\t<\/div>\n\t\t\t\t<div class=\"elementor-element elementor-element-92a8955 elementor-widget elementor-widget-heading\" data-id=\"92a8955\" data-element_type=\"widget\" data-widget_type=\"heading.default\">\n\t\t\t\t<div class=\"elementor-widget-container\">\n\t\t\t\t\t<h2 class=\"elementor-heading-title elementor-size-default\">La mujer soberana es libre y vive su vida en calma. Da lo que quiere y pide lo que necesita. Se expresa con seguridad, persigue sus sue\u00f1os y no se deja aplacar por las cr\u00edticas de otros. En este Ebook te gu\u00edo a conectarte con la mujer soberana que vive en ti. <\/h2>\t\t\t\t<\/div>\n\t\t\t\t<\/div>\n\t\t\t\t<div class=\"elementor-element elementor-element-745f421 elementor-align-center elementor-widget elementor-widget-button\" data-id=\"745f421\" data-element_type=\"widget\" data-widget_type=\"button.default\">\n\t\t\t\t<div class=\"elementor-widget-container\">\n\t\t\t\t\t\t\t\t\t<div class=\"elementor-button-wrapper\">\n\t\t\t\t\t<a class=\"elementor-button elementor-button-link elementor-size-sm elementor-animation-shrink\" href=\"https:\/\/cursos.anayansiserra.com\/index.php\/libro-2\/\">\n\t\t\t\t\t\t<span class=\"elementor-button-content-wrapper\">\n\t\t\t\t\t\t\t\t\t<span class=\"elementor-button-text\">DA CLICK PARA DESCARGARLO<\/span>\n\t\t\t\t\t<\/span>\n\t\t\t\t\t<\/a>\n\t\t\t\t<\/div>\n\t\t\t\t\t\t\t\t<\/div>\n\t\t\t\t<\/div>\n\t\t\t\t\t<\/div>\n\t\t<\/div>\n\t\t\t\t<div class=\"elementor-column elementor-col-50 elementor-top-column elementor-element elementor-element-2a1370d elementor-hidden-mobile\" data-id=\"2a1370d\" data-element_type=\"column\">\n\t\t\t<div class=\"elementor-widget-wrap elementor-element-populated\">\n\t\t\t\t\t\t<div class=\"elementor-element elementor-element-cabcb03 elementor-widget elementor-widget-image\" data-id=\"cabcb03\" data-element_type=\"widget\" data-widget_type=\"image.default\">\n\t\t\t\t<div class=\"elementor-widget-container\">\n\t\t\t\t\t\t\t\t\t\t\t\t\t\t\t<img decoding=\"async\" width=\"698\" height=\"697\" src=\"https:\/\/cursos.anayansiserra.com\/wp-content\/uploads\/2024\/07\/Libro-2.png\" class=\"attachment-2048x2048 size-2048x2048 wp-image-479\" alt=\"\" srcset=\"https:\/\/cursos.anayansiserra.com\/wp-content\/uploads\/2024\/07\/Libro-2.png 698w, https:\/\/cursos.anayansiserra.com\/wp-content\/uploads\/2024\/07\/Libro-2-300x300.png 300w, https:\/\/cursos.anayansiserra.com\/wp-content\/uploads\/2024\/07\/Libro-2-150x150.png 150w, https:\/\/cursos.anayansiserra.com\/wp-content\/uploads\/2024\/07\/Libro-2-100x100.png 100w, https:\/\/cursos.anayansiserra.com\/wp-content\/uploads\/2024\/07\/Libro-2-324x324.png 324w, https:\/\/cursos.anayansiserra.com\/wp-content\/uploads\/2024\/07\/Libro-2-416x415.png 416w\" sizes=\"(max-width: 698px) 100vw, 698px\" \/>\t\t\t\t\t\t\t\t\t\t\t\t\t\t\t<\/div>\n\t\t\t\t<\/div>\n\t\t\t\t\t<\/div>\n\t\t<\/div>\n\t\t\t\t\t<\/div>\n\t\t<\/section>\n\t\t\t\t<section class=\"elementor-section elementor-top-section elementor-element elementor-element-0354134 elementor-section-boxed elementor-section-height-default elementor-section-height-default\" data-id=\"0354134\" data-element_type=\"section\" data-settings=\"{&quot;background_background&quot;:&quot;classic&quot;}\">\n\t\t\t\t\t\t<div class=\"elementor-container elementor-column-gap-default\">\n\t\t\t\t\t<div class=\"elementor-column elementor-col-50 elementor-top-column elementor-element elementor-element-477178b\" data-id=\"477178b\" data-element_type=\"column\">\n\t\t\t<div class=\"elementor-widget-wrap elementor-element-populated\">\n\t\t\t\t\t\t<div class=\"elementor-element elementor-element-e8cd195 elementor-widget elementor-widget-image\" data-id=\"e8cd195\" data-element_type=\"widget\" data-widget_type=\"image.default\">\n\t\t\t\t<div class=\"elementor-widget-container\">\n\t\t\t\t\t\t\t\t\t\t\t\t\t\t\t<img decoding=\"async\" width=\"240\" height=\"240\" src=\"https:\/\/cursos.anayansiserra.com\/wp-content\/uploads\/2024\/07\/Libro-3.png\" class=\"attachment-2048x2048 size-2048x2048 wp-image-480\" alt=\"\" srcset=\"https:\/\/cursos.anayansiserra.com\/wp-content\/uploads\/2024\/07\/Libro-3.png 240w, https:\/\/cursos.anayansiserra.com\/wp-content\/uploads\/2024\/07\/Libro-3-150x150.png 150w, https:\/\/cursos.anayansiserra.com\/wp-content\/uploads\/2024\/07\/Libro-3-100x100.png 100w\" sizes=\"(max-width: 240px) 100vw, 240px\" \/>\t\t\t\t\t\t\t\t\t\t\t\t\t\t\t<\/div>\n\t\t\t\t<\/div>\n\t\t\t\t\t<\/div>\n\t\t<\/div>\n\t\t\t\t<div class=\"elementor-column elementor-col-50 elementor-top-column elementor-element elementor-element-e09cf49\" data-id=\"e09cf49\" data-element_type=\"column\">\n\t\t\t<div class=\"elementor-widget-wrap elementor-element-populated\">\n\t\t\t\t\t\t<div class=\"elementor-element elementor-element-5a7590a elementor-widget elementor-widget-heading\" data-id=\"5a7590a\" data-element_type=\"widget\" data-widget_type=\"heading.default\">\n\t\t\t\t<div class=\"elementor-widget-container\">\n\t\t\t\t\t<h2 class=\"elementor-heading-title elementor-size-default\">Lib\u00c9rate de H\u00e1bitos T\u00f3xicos<\/h2>\t\t\t\t<\/div>\n\t\t\t\t<\/div>\n\t\t\t\t<div class=\"elementor-element elementor-element-ef11a6a elementor-widget elementor-widget-heading\" data-id=\"ef11a6a\" data-element_type=\"widget\" data-widget_type=\"heading.default\">\n\t\t\t\t<div class=\"elementor-widget-container\">\n\t\t\t\t\t<h2 class=\"elementor-heading-title elementor-size-default\">Descubre los 10 h\u00e1bitos t\u00f3xicos que est\u00e1n obstaculizando a mujeres extraordinarias como t\u00fa para atraer, construir y mantener relaciones duraderas y satisfactorias.<\/h2>\t\t\t\t<\/div>\n\t\t\t\t<\/div>\n\t\t\t\t<div class=\"elementor-element elementor-element-15fb9f4 elementor-align-center elementor-widget elementor-widget-button\" data-id=\"15fb9f4\" data-element_type=\"widget\" data-widget_type=\"button.default\">\n\t\t\t\t<div class=\"elementor-widget-container\">\n\t\t\t\t\t\t\t\t\t<div class=\"elementor-button-wrapper\">\n\t\t\t\t\t<a class=\"elementor-button elementor-button-link elementor-size-sm elementor-animation-shrink\" href=\"https:\/\/cursos.anayansiserra.com\/index.php\/libro-3\/\">\n\t\t\t\t\t\t<span class=\"elementor-button-content-wrapper\">\n\t\t\t\t\t\t\t\t\t<span class=\"elementor-button-text\">DA CLICK PARA DESCARGARLO<\/span>\n\t\t\t\t\t<\/span>\n\t\t\t\t\t<\/a>\n\t\t\t\t<\/div>\n\t\t\t\t\t\t\t\t<\/div>\n\t\t\t\t<\/div>\n\t\t\t\t\t<\/div>\n\t\t<\/div>\n\t\t\t\t\t<\/div>\n\t\t<\/section>\n\t\t\t\t<\/div>\n\t\t","protected":false},"excerpt":{"rendered":"<p>MANUAL PARA SUPERAR LA RUPTURA Explora las 5 tareas emocionales que te ayudar\u00e1n no s\u00f3lo a superar la ruptura sino a trascenderla, extraer aprendizajes, sanar heridas y continuar al siguiente episodio con mayor libertad y felicidad. DA CLICK PARA DESCARGARLO LA SOBERANA La mujer soberana es libre y vive su vida en calma. Da lo [&hellip;]<\/p>\n","protected":false},"author":1,"featured_media":0,"parent":0,"menu_order":0,"comment_status":"closed","ping_status":"closed","template":"elementor_canvas","meta":{"footnotes":""},"class_list":["post-446","page","type-page","status-publish","hentry"],"_links":{"self":[{"href":"https:\/\/cursos.anayansiserra.com\/index.php\/wp-json\/wp\/v2\/pages\/446","targetHints":{"allow":["GET"]}}],"collection":[{"href":"https:\/\/cursos.anayansiserra.com\/index.php\/wp-json\/wp\/v2\/pages"}],"about":[{"href":"https:\/\/cursos.anayansiserra.com\/index.php\/wp-json\/wp\/v2\/types\/page"}],"author":[{"embeddable":true,"href":"https:\/\/cursos.anayansiserra.com\/index.php\/wp-json\/wp\/v2\/users\/1"}],"replies":[{"embeddable":true,"href":"https:\/\/cursos.anayansiserra.com\/index.php\/wp-json\/wp\/v2\/comments?post=446"}],"version-history":[{"count":40,"href":"https:\/\/cursos.anayansiserra.com\/index.php\/wp-json\/wp\/v2\/pages\/446\/revisions"}],"predecessor-version":[{"id":545,"href":"https:\/\/cursos.anayansiserra.com\/index.php\/wp-json\/wp\/v2\/pages\/446\/revisions\/545"}],"wp:attachment":[{"href":"https:\/\/cursos.anayansiserra.com\/index.php\/wp-json\/wp\/v2\/media?parent=446"}],"curies":[{"name":"wp","href":"https:\/\/api.w.org\/{rel}","templated":true}]}}