{"id":1054,"date":"2025-06-27T00:10:46","date_gmt":"2025-06-27T00:10:46","guid":{"rendered":"https:\/\/cursos.anayansiserra.com\/?page_id=1054"},"modified":"2025-11-06T17:07:02","modified_gmt":"2025-11-06T17:07:02","slug":"result_la_buscadora","status":"publish","type":"page","link":"https:\/\/cursos.anayansiserra.com\/index.php\/result_la_buscadora\/","title":{"rendered":"Result_La_Buscadora"},"content":{"rendered":"\t\t<div data-elementor-type=\"wp-page\" data-elementor-id=\"1054\" class=\"elementor elementor-1054\" data-elementor-post-type=\"page\">\n\t\t\t\t\t\t<section class=\"elementor-section elementor-top-section elementor-element elementor-element-1b768bd elementor-section-boxed elementor-section-height-default elementor-section-height-default\" data-id=\"1b768bd\" data-element_type=\"section\" data-settings=\"{&quot;background_background&quot;:&quot;classic&quot;}\">\n\t\t\t\t\t\t<div class=\"elementor-container elementor-column-gap-default\">\n\t\t\t\t\t<div class=\"elementor-column elementor-col-33 elementor-top-column elementor-element elementor-element-a1e3a13\" data-id=\"a1e3a13\" data-element_type=\"column\">\n\t\t\t<div class=\"elementor-widget-wrap\">\n\t\t\t\t\t\t\t<\/div>\n\t\t<\/div>\n\t\t\t\t<div class=\"elementor-column elementor-col-33 elementor-top-column elementor-element elementor-element-4e671e6\" data-id=\"4e671e6\" data-element_type=\"column\">\n\t\t\t<div class=\"elementor-widget-wrap elementor-element-populated\">\n\t\t\t\t\t\t<div class=\"elementor-element elementor-element-3151963 elementor-widget elementor-widget-heading\" data-id=\"3151963\" data-element_type=\"widget\" data-widget_type=\"heading.default\">\n\t\t\t\t<div class=\"elementor-widget-container\">\n\t\t\t\t\t<h2 class=\"elementor-heading-title elementor-size-default\">Tus Resultados<\/h2>\t\t\t\t<\/div>\n\t\t\t\t<\/div>\n\t\t\t\t<div class=\"elementor-element elementor-element-14aefef elementor-widget elementor-widget-text-editor\" data-id=\"14aefef\" data-element_type=\"widget\" data-widget_type=\"text-editor.default\">\n\t\t\t\t<div class=\"elementor-widget-container\">\n\t\t\t\t\t\t\t\t\t<p>&#8230; y un regalo al final<\/p>\t\t\t\t\t\t\t\t<\/div>\n\t\t\t\t<\/div>\n\t\t\t\t<div class=\"elementor-element elementor-element-0d55f1e elementor-widget-divider--view-line elementor-widget elementor-widget-divider\" data-id=\"0d55f1e\" data-element_type=\"widget\" data-widget_type=\"divider.default\">\n\t\t\t\t<div class=\"elementor-widget-container\">\n\t\t\t\t\t\t\t<div class=\"elementor-divider\">\n\t\t\t<span class=\"elementor-divider-separator\">\n\t\t\t\t\t\t<\/span>\n\t\t<\/div>\n\t\t\t\t\t\t<\/div>\n\t\t\t\t<\/div>\n\t\t\t\t<div class=\"elementor-element elementor-element-724e0bb elementor-widget elementor-widget-text-editor\" data-id=\"724e0bb\" data-element_type=\"widget\" data-widget_type=\"text-editor.default\">\n\t\t\t\t<div class=\"elementor-widget-container\">\n\t\t\t\t\t\t\t\t\t<p>Tu patr\u00f3n primario de autosabotaje en el amor:<\/p>\t\t\t\t\t\t\t\t<\/div>\n\t\t\t\t<\/div>\n\t\t\t\t<div class=\"elementor-element elementor-element-64f5c70 elementor-widget elementor-widget-heading\" data-id=\"64f5c70\" data-element_type=\"widget\" data-widget_type=\"heading.default\">\n\t\t\t\t<div class=\"elementor-widget-container\">\n\t\t\t\t\t<h2 class=\"elementor-heading-title elementor-size-default\">La Buscadora del Amor Seguro<\/h2>\t\t\t\t<\/div>\n\t\t\t\t<\/div>\n\t\t\t\t<div class=\"elementor-element elementor-element-d92d1cc elementor-widget__width-initial elementor-widget elementor-widget-text-editor\" data-id=\"d92d1cc\" data-element_type=\"widget\" data-widget_type=\"text-editor.default\">\n\t\t\t\t<div class=\"elementor-widget-container\">\n\t\t\t\t\t\t\t\t\t<p><strong>Lo que est\u00e1 sucediendo en tu vida amorosa:<\/strong><br \/>El miedo a perder a quien amas aparece muy temprano en las relaciones. Tiendes a engancharte r\u00e1pido, buscando certeza y validaci\u00f3n. Te ilusionas intensamente, pero la ansiedad aparece cuando sientes que la conexi\u00f3n peligra.<\/p><p><strong>Algunos comportamientos que se repiten en tus relaciones:<\/strong><\/p><ul><li>Apego acelerado: idealizas desde los primeros encuentros.<\/li><li>Temor constante a ser abandonada o no elegida.<\/li><li>Dificultad para establecer l\u00edmites por miedo a alejar al otro.<\/li><li>Auto-sacrificio para sostener la relaci\u00f3n.<\/li><\/ul><p><strong>Las creencias que est\u00e1n detr\u00e1s de esto:<\/strong><\/p><p><em>\u201cNecesito que me elijan para sentirme segura.\u201d<\/em><\/p><p><em>\u201cSi me ama, no me dejar\u00e1.\u201d<\/em><\/p><p><em>\u201cDebo hacer todo bien para no perderlo.\u201d<\/em><\/p><p><em>\u201cNo estoy completa sin una relaci\u00f3n.\u201d<\/em><\/p><p>Este resultado muestra tu anhelo m\u00e1s profundo: construir una relaci\u00f3n estable, real, que te devuelva paz. Y sin embargo, muchas veces has terminado en v\u00ednculos que te dejan insegura, esperando se\u00f1ales de afecto, sinti\u00e9ndote confundida. Esta b\u00fasqueda no es debilidad: es el reflejo de tu deseo de conexi\u00f3n. Y es posible encontrar ese amor que no te haga dudar.<\/p><p><img decoding=\"async\" class=\"emoji\" role=\"img\" draggable=\"false\" src=\"https:\/\/s.w.org\/images\/core\/emoji\/16.0.1\/svg\/1f48c.svg\" alt=\"\ud83d\udc8c\" \/> En tu correo encontrar\u00e1s tambi\u00e9n un resumen de tu resultado y sugerencias personalizadas para ti.<\/p><p><em><strong>Tu siguiente paso para romper con patrones nocivos es agendar una Sesi\u00f3n Espejo conmigo. Tiene una duraci\u00f3n de 35 minutos. Da click en el bot\u00f3n de aplicaci\u00f3n para agendarla.\u00a0<\/strong><\/em><\/p><p><em><strong>\u00a1Nos vemos pronto!<\/strong><\/em><\/p><p><em><strong>\u00a0<\/strong><\/em><\/p>\t\t\t\t\t\t\t\t<\/div>\n\t\t\t\t<\/div>\n\t\t\t\t<div class=\"elementor-element elementor-element-3f54295 elementor-align-center elementor-widget elementor-widget-button\" data-id=\"3f54295\" data-element_type=\"widget\" data-widget_type=\"button.default\">\n\t\t\t\t<div class=\"elementor-widget-container\">\n\t\t\t\t\t\t\t\t\t<div class=\"elementor-button-wrapper\">\n\t\t\t\t\t<a class=\"elementor-button elementor-button-link elementor-size-sm\" href=\"https:\/\/form.jotform.com\/231426103215037\" id=\"sesion\">\n\t\t\t\t\t\t<span class=\"elementor-button-content-wrapper\">\n\t\t\t\t\t\t\t\t\t<span class=\"elementor-button-text\">Aplica a tu sesi\u00f3n aqu\u00ed<\/span>\n\t\t\t\t\t<\/span>\n\t\t\t\t\t<\/a>\n\t\t\t\t<\/div>\n\t\t\t\t\t\t\t\t<\/div>\n\t\t\t\t<\/div>\n\t\t\t\t<div class=\"elementor-element elementor-element-f14f8fc elementor-widget elementor-widget-spacer\" data-id=\"f14f8fc\" data-element_type=\"widget\" data-widget_type=\"spacer.default\">\n\t\t\t\t<div class=\"elementor-widget-container\">\n\t\t\t\t\t\t\t<div class=\"elementor-spacer\">\n\t\t\t<div class=\"elementor-spacer-inner\"><\/div>\n\t\t<\/div>\n\t\t\t\t\t\t<\/div>\n\t\t\t\t<\/div>\n\t\t\t\t\t<\/div>\n\t\t<\/div>\n\t\t\t\t<div class=\"elementor-column elementor-col-33 elementor-top-column elementor-element elementor-element-95a4c66\" data-id=\"95a4c66\" data-element_type=\"column\">\n\t\t\t<div class=\"elementor-widget-wrap\">\n\t\t\t\t\t\t\t<\/div>\n\t\t<\/div>\n\t\t\t\t\t<\/div>\n\t\t<\/section>\n\t\t\t\t<section class=\"elementor-section elementor-top-section elementor-element elementor-element-39d6b54 elementor-section-boxed elementor-section-height-default elementor-section-height-default\" data-id=\"39d6b54\" data-element_type=\"section\" data-settings=\"{&quot;background_background&quot;:&quot;classic&quot;}\">\n\t\t\t\t\t\t<div class=\"elementor-container elementor-column-gap-default\">\n\t\t\t\t\t<div class=\"elementor-column elementor-col-33 elementor-top-column elementor-element elementor-element-dae2337 elementor-hidden-desktop elementor-hidden-tablet\" data-id=\"dae2337\" data-element_type=\"column\" data-settings=\"{&quot;background_background&quot;:&quot;classic&quot;}\">\n\t\t\t<div class=\"elementor-widget-wrap\">\n\t\t\t\t\t\t\t<\/div>\n\t\t<\/div>\n\t\t\t\t<div class=\"elementor-column elementor-col-33 elementor-top-column elementor-element elementor-element-4ca0d6e elementor-hidden-desktop elementor-hidden-tablet\" data-id=\"4ca0d6e\" data-element_type=\"column\">\n\t\t\t<div class=\"elementor-widget-wrap elementor-element-populated\">\n\t\t\t\t\t\t<div class=\"elementor-element elementor-element-b36d5ed elementor-hidden-desktop elementor-hidden-tablet elementor-hidden-mobile elementor-cta--skin-classic elementor-animated-content elementor-bg-transform elementor-bg-transform-zoom-in elementor-widget elementor-widget-call-to-action\" data-id=\"b36d5ed\" data-element_type=\"widget\" data-widget_type=\"call-to-action.default\">\n\t\t\t\t<div class=\"elementor-widget-container\">\n\t\t\t\t\t\t\t<div class=\"elementor-cta\">\n\t\t\t\t\t<div class=\"elementor-cta__bg-wrapper\">\n\t\t\t\t<div class=\"elementor-cta__bg elementor-bg\" style=\"background-image: url(https:\/\/cursos.anayansiserra.com\/wp-content\/uploads\/2025\/06\/Mini-Curso-website-2025-1024x858.png);\" role=\"img\" aria-label=\"Mini Curso 5 patrones\"><\/div>\n\t\t\t\t<div class=\"elementor-cta__bg-overlay\"><\/div>\n\t\t\t<\/div>\n\t\t\t\t\t\t\t<div class=\"elementor-cta__content\">\n\t\t\t\t\n\t\t\t\t\t\t\t\t\t<h2 class=\"elementor-cta__title elementor-cta__content-item elementor-content-item\">\n\t\t\t\t\t\t\u00a1Toma el mini curso ya!\t\t\t\t\t<\/h2>\n\t\t\t\t\n\t\t\t\t\t\t\t\t\t<div class=\"elementor-cta__description elementor-cta__content-item elementor-content-item\">\n\t\t\t\t\t\t\u00bfQui\u00e9res saber m\u00e1s sobre los 5 patrones de autosabotaje en el amor y c\u00f3mo superarlos? Da click y obt\u00e9n acceso inmediato.\t\t\t\t\t<\/div>\n\t\t\t\t\n\t\t\t\t\t\t\t\t\t<div class=\"elementor-cta__button-wrapper elementor-cta__content-item elementor-content-item \">\n\t\t\t\t\t<a class=\"elementor-cta__button elementor-button elementor-size-\" href=\"https:\/\/cursos.anayansiserra.com\/index.php\/minicurso_autosabotajes_video\/\" target=\"_blank\">\n\t\t\t\t\t\tMira el video aqu\u00ed\t\t\t\t\t<\/a>\n\t\t\t\t\t<\/div>\n\t\t\t\t\t\t\t<\/div>\n\t\t\t\t\t\t<\/div>\n\t\t\t\t\t\t<\/div>\n\t\t\t\t<\/div>\n\t\t\t\t\t<\/div>\n\t\t<\/div>\n\t\t\t\t<div class=\"elementor-column elementor-col-33 elementor-top-column elementor-element elementor-element-69b9f27 elementor-hidden-desktop elementor-hidden-tablet\" data-id=\"69b9f27\" data-element_type=\"column\">\n\t\t\t<div class=\"elementor-widget-wrap\">\n\t\t\t\t\t\t\t<\/div>\n\t\t<\/div>\n\t\t\t\t\t<\/div>\n\t\t<\/section>\n\t\t\t\t<section class=\"elementor-section elementor-top-section elementor-element elementor-element-5ac4381 elementor-section-boxed elementor-section-height-default elementor-section-height-default\" data-id=\"5ac4381\" data-element_type=\"section\" data-settings=\"{&quot;background_background&quot;:&quot;classic&quot;}\">\n\t\t\t\t\t\t<div class=\"elementor-container elementor-column-gap-default\">\n\t\t\t\t\t<div class=\"elementor-column elementor-col-33 elementor-top-column elementor-element elementor-element-4683e3f\" data-id=\"4683e3f\" data-element_type=\"column\">\n\t\t\t<div class=\"elementor-widget-wrap\">\n\t\t\t\t\t\t\t<\/div>\n\t\t<\/div>\n\t\t\t\t<div class=\"elementor-column elementor-col-33 elementor-top-column elementor-element elementor-element-001b257\" data-id=\"001b257\" data-element_type=\"column\">\n\t\t\t<div class=\"elementor-widget-wrap elementor-element-populated\">\n\t\t\t\t\t\t<div class=\"elementor-element elementor-element-b05b3a4 elementor-cta--valign-top elementor-hidden-mobile elementor-hidden-desktop elementor-hidden-tablet elementor-cta--skin-classic elementor-animated-content elementor-bg-transform elementor-bg-transform-zoom-in elementor-widget elementor-widget-call-to-action\" data-id=\"b05b3a4\" data-element_type=\"widget\" data-widget_type=\"call-to-action.default\">\n\t\t\t\t<div class=\"elementor-widget-container\">\n\t\t\t\t\t\t\t<div class=\"elementor-cta\">\n\t\t\t\t\t<div class=\"elementor-cta__bg-wrapper\">\n\t\t\t\t<div class=\"elementor-cta__bg elementor-bg\" style=\"background-image: url(https:\/\/cursos.anayansiserra.com\/wp-content\/uploads\/2025\/06\/Mini-curso-version-escritorio-website-2025-2-1024x576.jpg);\" role=\"img\" aria-label=\"Mini curso version escritorio website 2025 2\"><\/div>\n\t\t\t\t<div class=\"elementor-cta__bg-overlay\"><\/div>\n\t\t\t<\/div>\n\t\t\t\t\t\t\t<div class=\"elementor-cta__content\">\n\t\t\t\t\n\t\t\t\t\t\t\t\t\t<h2 class=\"elementor-cta__title elementor-cta__content-item elementor-content-item\">\n\t\t\t\t\t\t\u00a1Toma el mini curso ya!\t\t\t\t\t<\/h2>\n\t\t\t\t\n\t\t\t\t\t\t\t\t\t<div class=\"elementor-cta__description elementor-cta__content-item elementor-content-item\">\n\t\t\t\t\t\t\u00bfQui\u00e9res saber m\u00e1s sobre los 5 patrones de autosabotaje en el amor y c\u00f3mo superarlos? Da click y obt\u00e9n acceso inmediato.\t\t\t\t\t<\/div>\n\t\t\t\t\n\t\t\t\t\t\t\t\t\t<div class=\"elementor-cta__button-wrapper elementor-cta__content-item elementor-content-item \">\n\t\t\t\t\t<a class=\"elementor-cta__button elementor-button elementor-size-\" href=\"https:\/\/cursos.anayansiserra.com\/index.php\/minicurso_autosabotajes_video\/\">\n\t\t\t\t\t\tMira el video aqu\u00ed\t\t\t\t\t<\/a>\n\t\t\t\t\t<\/div>\n\t\t\t\t\t\t\t<\/div>\n\t\t\t\t\t\t<\/div>\n\t\t\t\t\t\t<\/div>\n\t\t\t\t<\/div>\n\t\t\t\t\t<\/div>\n\t\t<\/div>\n\t\t\t\t<div class=\"elementor-column elementor-col-33 elementor-top-column elementor-element elementor-element-5094129\" data-id=\"5094129\" data-element_type=\"column\">\n\t\t\t<div class=\"elementor-widget-wrap\">\n\t\t\t\t\t\t\t<\/div>\n\t\t<\/div>\n\t\t\t\t\t<\/div>\n\t\t<\/section>\n\t\t\t\t<\/div>\n\t\t","protected":false},"excerpt":{"rendered":"<p>Tus Resultados &#8230; y un regalo al final Tu patr\u00f3n primario de autosabotaje en el amor: La Buscadora del Amor Seguro Lo que est\u00e1 sucediendo en tu vida amorosa:El miedo a perder a quien amas aparece muy temprano en las relaciones. Tiendes a engancharte r\u00e1pido, buscando certeza y validaci\u00f3n. Te ilusionas intensamente, pero la ansiedad [&hellip;]<\/p>\n","protected":false},"author":6,"featured_media":0,"parent":0,"menu_order":0,"comment_status":"closed","ping_status":"closed","template":"elementor_canvas","meta":{"footnotes":""},"class_list":["post-1054","page","type-page","status-publish","hentry"],"_links":{"self":[{"href":"https:\/\/cursos.anayansiserra.com\/index.php\/wp-json\/wp\/v2\/pages\/1054","targetHints":{"allow":["GET"]}}],"collection":[{"href":"https:\/\/cursos.anayansiserra.com\/index.php\/wp-json\/wp\/v2\/pages"}],"about":[{"href":"https:\/\/cursos.anayansiserra.com\/index.php\/wp-json\/wp\/v2\/types\/page"}],"author":[{"embeddable":true,"href":"https:\/\/cursos.anayansiserra.com\/index.php\/wp-json\/wp\/v2\/users\/6"}],"replies":[{"embeddable":true,"href":"https:\/\/cursos.anayansiserra.com\/index.php\/wp-json\/wp\/v2\/comments?post=1054"}],"version-history":[{"count":49,"href":"https:\/\/cursos.anayansiserra.com\/index.php\/wp-json\/wp\/v2\/pages\/1054\/revisions"}],"predecessor-version":[{"id":1602,"href":"https:\/\/cursos.anayansiserra.com\/index.php\/wp-json\/wp\/v2\/pages\/1054\/revisions\/1602"}],"wp:attachment":[{"href":"https:\/\/cursos.anayansiserra.com\/index.php\/wp-json\/wp\/v2\/media?parent=1054"}],"curies":[{"name":"wp","href":"https:\/\/api.w.org\/{rel}","templated":true}]}}